{"id":102,"date":"2019-06-26T09:15:03","date_gmt":"2019-06-26T07:15:03","guid":{"rendered":"http:\/\/berlin.firmennest.com\/?page_id=102"},"modified":"2020-07-17T09:54:15","modified_gmt":"2020-07-17T07:54:15","slug":"internationalisierung","status":"publish","type":"page","link":"https:\/\/rms-berlin.com\/de\/strategische-beratung\/internationalisierung\/","title":{"rendered":"Internationalisierung"},"content":{"rendered":"<div id=\"pl-102\"  class=\"panel-layout\" ><div id=\"pg-102-0\"  class=\"panel-grid panel-no-style\" ><div id=\"pgc-102-0-0\"  class=\"panel-grid-cell panel-grid-cell-empty\" ><\/div><div id=\"pgc-102-0-1\"  class=\"panel-grid-cell panel-grid-cell-mobile-last\" ><div id=\"panel-102-0-1-0\" class=\"so-panel widget widget_sow-editor panel-first-child\" data-index=\"0\" ><div class=\"so-widget-sow-editor so-widget-sow-editor-base\">\n<div class=\"siteorigin-widget-tinymce textwidget\">\n\t<h1 class=\"uk-h2\">Internationalisierung<\/h1>\n<p>Zur Sicherung der Wettbewerbsf\u00e4higkeit und des profitablen Wachstums einer Unternehmung ist es erforderlich, Teile der Wertsch\u00f6pfung eines Unternehmens auf weltweite M\u00e4rkte zu verteilen, um Markteintrittsbarrieren wie Local-Content-Vorschriften abzubauen. Die weltweite Verteilung bzw. Internationalisierung der Wertsch\u00f6pfung birgt viele Risiken, die zum Scheitern des Auslandsengagements f\u00fchren k\u00f6nnen.<\/p>\n<\/div>\n<\/div><\/div><div id=\"panel-102-0-1-1\" class=\"so-panel widget widget_sow-editor\" data-index=\"1\" ><div class=\"so-widget-sow-editor so-widget-sow-editor-base\">\n<div class=\"siteorigin-widget-tinymce textwidget\">\n\t<p>Unser Ziel ist es, f\u00fcr unsere Kunden eine individuell abgestimmte Vorgehensweise zu entwickeln, die einen schnellen Markteintritt, den Abbau von Markteintrittsbarrieren und die Reduzierung von Risiken zur gleichen Zeit gew\u00e4hrleisten kann. Des Weiteren soll die Vorgehensweise eine Vielzahl von Einflussfaktoren der Internationalisierung ber\u00fccksichtigen.<\/p>\n<p>Uns liegt viel daran unseren Kunden und deren Mitarbeitern\/innen die Erfolgsfaktoren im internationalen Umfeld deutlich zu machen und sie zu sensibilisieren mit auftretenden Einflussfaktoren umzugehen. F\u00fcr den richtigen Umgang mit Einflussfaktoren und damit f\u00fcr die Sicherung einer erfolgreichen Internationalisierung unterst\u00fctzen wir unsere Kunden durch:<\/p>\n<\/div>\n<\/div><\/div><div id=\"panel-102-0-1-2\" class=\"so-panel widget widget_sow-editor panel-last-child\" data-index=\"2\" ><div class=\"so-widget-sow-editor so-widget-sow-editor-base\">\n<div class=\"siteorigin-widget-tinymce textwidget\">\n\t<ul class=\"fn-arrow\">\n<li>Internationale Projektberatung<\/li>\n<li>Anpassung der internen Unternehmenskultur (Verhaltens\u00e4nderung im Fokus)<\/li>\n<li>Verst\u00e4ndnis f\u00f6rdern f\u00fcr internationale Partner, Kundenbed\u00fcrfnisse und Wettbewerb<\/li>\n<li>Trainings zur kulturellen Qualifikation von Mitarbeiter\/innen<\/li>\n<li>Organisation der Zusammenarbeit zwischen kulturell unterschiedlichen Partnern<\/li>\n<li>Methoden zum Aufbau von Wertsch\u00f6pfung an verschiedenen Standorten weltweit<\/li>\n<li>Methoden zum Abbau von Markteintrittsbarrieren und Risiken<\/li>\n<li>Methoden zum Schutz von Know-how und Qualit\u00e4t<\/li>\n<li>Markt- und Standortanalysen<\/li>\n<li>Wettbewerbsanalysen<\/li>\n<\/ul>\n<hr \/>\n<p>Unser Beratungsangebot zur Internationalisierung eignet sich f\u00fcr jedes <strong>produzierende Unternehmen<\/strong> bzw. jedes Unternehmen mit eigener Wertsch\u00f6pfung, in der entsprechendes Know-how steckt und gesch\u00fctzt werden muss!<\/p>\n<\/div>\n<\/div><\/div><\/div><div id=\"pgc-102-0-2\"  class=\"panel-grid-cell panel-grid-cell-empty\" ><\/div><\/div><div id=\"pg-102-1\"  class=\"panel-grid panel-has-style\" ><div class=\"siteorigin-panels-stretch panel-row-style panel-row-style-for-102-1\" data-stretch-type=\"full-stretched\" ><div id=\"pgc-102-1-0\"  class=\"panel-grid-cell\" ><div id=\"panel-102-1-0-0\" class=\"so-panel widget widget_sow-editor panel-first-child panel-last-child\" data-index=\"3\" ><div class=\"so-widget-sow-editor so-widget-sow-editor-base\">\n<div class=\"siteorigin-widget-tinymce textwidget\">\n\t<div class=\"cta uk-background-muted uk-padding\">\n    <div class=\"uk-container\">\n      <div uk-grid class=\"uk-flex uk-flex-middle\">\n        <div class=\"uk-width-3-5@m uk-text-center uk-text-left@m\">\n          <p class=\"uk-h2 uk-text-secondary\">Interesse geweckt?<\/p>\n        <\/div>\n        <div class=\"uk-width-2-5@m uk-text-center uk-text-right@m\">\n          <a href=\"https:\/\/rms-berlin.com\/de\/kontakt\/\" class=\"uk-button uk-button-primary fn-button-line\">\n            Jetzt anfragen\n          <\/a>\n        <\/div>\n      <\/div>\n    <\/div>\n  <\/div>\n<\/div>\n<\/div><\/div><\/div><\/div><\/div><\/div>","protected":false},"excerpt":{"rendered":"<p>Internationalisierung Zur Sicherung der Wettbewerbsf\u00e4higkeit und des profitablen Wachstums einer Unternehmung ist es erforderlich, Teile der Wertsch\u00f6pfung eines Unternehmens auf weltweite M\u00e4rkte zu verteilen, um Markteintrittsbarrieren wie Local-Content-Vorschriften abzubauen. Die weltweite Verteilung bzw. Internationalisierung der Wertsch\u00f6pfung birgt viele Risiken, die zum Scheitern des Auslandsengagements f\u00fchren k\u00f6nnen. Unser Ziel ist es, f\u00fcr unsere Kunden eine individuell [&hellip;]<\/p>\n","protected":false},"author":1,"featured_media":836,"parent":81,"menu_order":4,"comment_status":"closed","ping_status":"closed","template":"","meta":[],"_links":{"self":[{"href":"https:\/\/rms-berlin.com\/de\/wp-json\/wp\/v2\/pages\/102"}],"collection":[{"href":"https:\/\/rms-berlin.com\/de\/wp-json\/wp\/v2\/pages"}],"about":[{"href":"https:\/\/rms-berlin.com\/de\/wp-json\/wp\/v2\/types\/page"}],"author":[{"embeddable":true,"href":"https:\/\/rms-berlin.com\/de\/wp-json\/wp\/v2\/users\/1"}],"replies":[{"embeddable":true,"href":"https:\/\/rms-berlin.com\/de\/wp-json\/wp\/v2\/comments?post=102"}],"version-history":[{"count":75,"href":"https:\/\/rms-berlin.com\/de\/wp-json\/wp\/v2\/pages\/102\/revisions"}],"predecessor-version":[{"id":866,"href":"https:\/\/rms-berlin.com\/de\/wp-json\/wp\/v2\/pages\/102\/revisions\/866"}],"up":[{"embeddable":true,"href":"https:\/\/rms-berlin.com\/de\/wp-json\/wp\/v2\/pages\/81"}],"wp:featuredmedia":[{"embeddable":true,"href":"https:\/\/rms-berlin.com\/de\/wp-json\/wp\/v2\/media\/836"}],"wp:attachment":[{"href":"https:\/\/rms-berlin.com\/de\/wp-json\/wp\/v2\/media?parent=102"}],"curies":[{"name":"wp","href":"https:\/\/api.w.org\/{rel}","templated":true}]}}