{"id":15,"date":"2019-06-25T17:56:48","date_gmt":"2019-06-25T15:56:48","guid":{"rendered":"http:\/\/berlin.firmennest.com\/?page_id=15"},"modified":"2020-07-17T10:31:30","modified_gmt":"2020-07-17T08:31:30","slug":"technische-beratung","status":"publish","type":"page","link":"https:\/\/rms-berlin.com\/de\/technische-beratung\/","title":{"rendered":"Technische Beratung"},"content":{"rendered":"<div id=\"pl-15\"  class=\"panel-layout\" ><div id=\"pg-15-0\"  class=\"panel-grid panel-no-style\" ><div id=\"pgc-15-0-0\"  class=\"panel-grid-cell panel-grid-cell-empty\" ><\/div><div id=\"pgc-15-0-1\"  class=\"panel-grid-cell panel-grid-cell-mobile-last\" ><div id=\"panel-15-0-1-0\" class=\"so-panel widget widget_sow-editor panel-first-child panel-last-child\" data-index=\"0\" ><div class=\"so-widget-sow-editor so-widget-sow-editor-base\">\n<div class=\"siteorigin-widget-tinymce textwidget\">\n\t<h1 class=\"uk-h2\" style=\"text-align: center;\">Technische Beratung<\/h1>\n<\/div>\n<\/div><\/div><\/div><div id=\"pgc-15-0-2\"  class=\"panel-grid-cell panel-grid-cell-empty\" ><\/div><\/div><div id=\"pg-15-1\"  class=\"panel-grid panel-no-style\" ><div id=\"pgc-15-1-0\"  class=\"panel-grid-cell\" ><div id=\"panel-15-1-0-0\" class=\"so-panel widget widget_sow-image panel-first-child\" data-index=\"1\" ><div class=\"uk-animation-slide-left-medium panel-widget-style panel-widget-style-for-15-1-0-0\" ><div class=\"so-widget-sow-image so-widget-sow-image-default-0d90cccda167\">\n\n<div class=\"sow-image-container\">\n<a href=\"https:\/\/rms-berlin.com\/de\/technische-beratung\/energie\/\" >\t<img src=\"https:\/\/rms-berlin.com\/wp-content\/uploads\/2020\/07\/rms-energie-1024x684.jpg\" width=\"1024\" height=\"684\" srcset=\"https:\/\/rms-berlin.com\/wp-content\/uploads\/2020\/07\/rms-energie-1024x684.jpg 1024w, https:\/\/rms-berlin.com\/wp-content\/uploads\/2020\/07\/rms-energie-300x200.jpg 300w, https:\/\/rms-berlin.com\/wp-content\/uploads\/2020\/07\/rms-energie-768x513.jpg 768w, https:\/\/rms-berlin.com\/wp-content\/uploads\/2020\/07\/rms-energie-1536x1025.jpg 1536w, https:\/\/rms-berlin.com\/wp-content\/uploads\/2020\/07\/rms-energie-2048x1367.jpg 2048w\" sizes=\"(max-width: 1024px) 100vw, 1024px\" title=\"Energie\" alt=\"\" \t\tclass=\"so-widget-image\"\/>\n<\/a><\/div>\n\n\t<p class=\"widget-title\">Energie<\/p><\/div><\/div><\/div><div id=\"panel-15-1-0-1\" class=\"so-panel widget widget_sow-editor panel-last-child\" data-index=\"2\" ><div class=\"fn-features uk-animation-slide-bottom-medium panel-widget-style panel-widget-style-for-15-1-0-1\" ><div class=\"so-widget-sow-editor so-widget-sow-editor-base\">\n<div class=\"siteorigin-widget-tinymce textwidget\">\n\t<ul>\n<li>Erneuerbare Energie<\/li>\n<li>Energie\u00fcbertragung und -verteilung<\/li>\n<li>Service und Retrofit<\/li>\n<li>Innovation und Business Development<\/li>\n<\/ul>\n<\/div>\n<\/div><\/div><\/div><\/div><div id=\"pgc-15-1-1\"  class=\"panel-grid-cell\" ><div id=\"panel-15-1-1-0\" class=\"so-panel widget widget_sow-image panel-first-child\" data-index=\"3\" ><div class=\"uk-animation-slide-right-medium panel-widget-style panel-widget-style-for-15-1-1-0\" ><div class=\"so-widget-sow-image so-widget-sow-image-default-0d90cccda167\">\n\n<div class=\"sow-image-container\">\n<a href=\"https:\/\/rms-berlin.com\/de\/technische-beratung\/energieeffizientes-gebaeudemanagement\/\" >\t<img src=\"https:\/\/rms-berlin.com\/wp-content\/uploads\/2020\/07\/rms-energieeffizientes-gebaeudemanagement-1024x684.jpg\" width=\"1024\" height=\"684\" srcset=\"https:\/\/rms-berlin.com\/wp-content\/uploads\/2020\/07\/rms-energieeffizientes-gebaeudemanagement-1024x684.jpg 1024w, https:\/\/rms-berlin.com\/wp-content\/uploads\/2020\/07\/rms-energieeffizientes-gebaeudemanagement-300x200.jpg 300w, https:\/\/rms-berlin.com\/wp-content\/uploads\/2020\/07\/rms-energieeffizientes-gebaeudemanagement-768x513.jpg 768w, https:\/\/rms-berlin.com\/wp-content\/uploads\/2020\/07\/rms-energieeffizientes-gebaeudemanagement-1536x1025.jpg 1536w, https:\/\/rms-berlin.com\/wp-content\/uploads\/2020\/07\/rms-energieeffizientes-gebaeudemanagement-2048x1367.jpg 2048w\" sizes=\"(max-width: 1024px) 100vw, 1024px\" title=\"Energieeffizientes Geb\u00e4udemanagement\" alt=\"\" \t\tclass=\"so-widget-image\"\/>\n<\/a><\/div>\n\n\t<p class=\"widget-title\">Energieeffizientes Geb\u00e4udemanagement<\/p><\/div><\/div><\/div><div id=\"panel-15-1-1-1\" class=\"so-panel widget widget_sow-editor panel-last-child\" data-index=\"4\" ><div class=\"fn-features uk-animation-slide-bottom-medium panel-widget-style panel-widget-style-for-15-1-1-1\" ><div class=\"so-widget-sow-editor so-widget-sow-editor-base\">\n<div class=\"siteorigin-widget-tinymce textwidget\">\n\t<ul>\n<li>Geothermie und Solartechnik<\/li>\n<li>Kapillarrohrtechnik f\u00fcr Heizen und K\u00fchlen<\/li>\n<li>Energiespeicherung (Eisspeichertechnik)<\/li>\n<li>Private und gewerbliche Geb\u00e4ude<\/li>\n<\/ul>\n<\/div>\n<\/div><\/div><\/div><\/div><\/div><\/div>","protected":false},"excerpt":{"rendered":"<p>Technische Beratung Erneuerbare Energie Energie\u00fcbertragung und -verteilung Service und Retrofit Innovation und Business Development Geothermie und Solartechnik Kapillarrohrtechnik f\u00fcr Heizen und K\u00fchlen Energiespeicherung (Eisspeichertechnik) Private und gewerbliche Geb\u00e4ude<\/p>\n","protected":false},"author":1,"featured_media":823,"parent":0,"menu_order":1,"comment_status":"closed","ping_status":"closed","template":"","meta":[],"_links":{"self":[{"href":"https:\/\/rms-berlin.com\/de\/wp-json\/wp\/v2\/pages\/15"}],"collection":[{"href":"https:\/\/rms-berlin.com\/de\/wp-json\/wp\/v2\/pages"}],"about":[{"href":"https:\/\/rms-berlin.com\/de\/wp-json\/wp\/v2\/types\/page"}],"author":[{"embeddable":true,"href":"https:\/\/rms-berlin.com\/de\/wp-json\/wp\/v2\/users\/1"}],"replies":[{"embeddable":true,"href":"https:\/\/rms-berlin.com\/de\/wp-json\/wp\/v2\/comments?post=15"}],"version-history":[{"count":69,"href":"https:\/\/rms-berlin.com\/de\/wp-json\/wp\/v2\/pages\/15\/revisions"}],"predecessor-version":[{"id":881,"href":"https:\/\/rms-berlin.com\/de\/wp-json\/wp\/v2\/pages\/15\/revisions\/881"}],"wp:featuredmedia":[{"embeddable":true,"href":"https:\/\/rms-berlin.com\/de\/wp-json\/wp\/v2\/media\/823"}],"wp:attachment":[{"href":"https:\/\/rms-berlin.com\/de\/wp-json\/wp\/v2\/media?parent=15"}],"curies":[{"name":"wp","href":"https:\/\/api.w.org\/{rel}","templated":true}]}}