{"id":270,"date":"2020-04-24T09:26:33","date_gmt":"2020-04-24T07:26:33","guid":{"rendered":"http:\/\/berlin.firmennest.com\/?page_id=270"},"modified":"2020-12-01T14:06:05","modified_gmt":"2020-12-01T13:06:05","slug":"ueberblick-ii","status":"publish","type":"page","link":"https:\/\/rms-berlin.com\/de\/","title":{"rendered":"Home"},"content":{"rendered":"<div id=\"pl-270\"  class=\"panel-layout\" ><div id=\"pg-270-0\"  class=\"panel-grid panel-no-style\" ><div id=\"pgc-270-0-0\"  class=\"panel-grid-cell panel-grid-cell-empty\" ><\/div><div id=\"pgc-270-0-1\"  class=\"panel-grid-cell panel-grid-cell-mobile-last\" ><div id=\"panel-270-0-1-0\" class=\"so-panel widget widget_sow-editor panel-first-child panel-last-child\" data-index=\"0\" ><div class=\"so-widget-sow-editor so-widget-sow-editor-base\">\n<div class=\"siteorigin-widget-tinymce textwidget\">\n\t<h3 class=\"uk-h2\">Im Netzwerk sind wir gemeinsam stark<\/h3>\n<p>...diese strategische Ausrichtung gilt seit Gr\u00fcndung unserer Unternehmensberatung <strong>rms<\/strong>.<\/p>\n<p>Durch gute Kontakte zu Beratungsunternehmen, Technologieunternehmen , Universit\u00e4ten und Forschungsinstituten bleibt <strong>rms<\/strong> immer auf dem neuesten Stand der technischen und kommerziellen Entwicklungen.<\/p>\n<\/div>\n<\/div><\/div><\/div><div id=\"pgc-270-0-2\"  class=\"panel-grid-cell panel-grid-cell-empty\" ><\/div><\/div><div id=\"pg-270-1\"  class=\"panel-grid panel-no-style\" ><div id=\"pgc-270-1-0\"  class=\"panel-grid-cell\" ><div id=\"panel-270-1-0-0\" class=\"so-panel widget widget_sow-image panel-first-child\" data-index=\"1\" ><div class=\"uk-animation-slide-left-medium panel-widget-style panel-widget-style-for-270-1-0-0\" ><div class=\"so-widget-sow-image so-widget-sow-image-default-0d90cccda167\">\n\n<div class=\"sow-image-container\">\n<a href=\"https:\/\/rms-berlin.com\/de\/strategische-beratung\/\" >\t<img src=\"https:\/\/rms-berlin.com\/wp-content\/uploads\/2020\/07\/rms-strategische-beratung-1024x668.jpg\" width=\"1024\" height=\"668\" srcset=\"https:\/\/rms-berlin.com\/wp-content\/uploads\/2020\/07\/rms-strategische-beratung-1024x668.jpg 1024w, https:\/\/rms-berlin.com\/wp-content\/uploads\/2020\/07\/rms-strategische-beratung-300x196.jpg 300w, https:\/\/rms-berlin.com\/wp-content\/uploads\/2020\/07\/rms-strategische-beratung-768x501.jpg 768w, https:\/\/rms-berlin.com\/wp-content\/uploads\/2020\/07\/rms-strategische-beratung-1536x1002.jpg 1536w, https:\/\/rms-berlin.com\/wp-content\/uploads\/2020\/07\/rms-strategische-beratung-2048x1336.jpg 2048w\" sizes=\"(max-width: 1024px) 100vw, 1024px\" title=\"Strategische Beratung\" alt=\"\" \t\tclass=\"so-widget-image\"\/>\n<\/a><\/div>\n\n\t<p class=\"widget-title\">Strategische Beratung<\/p><\/div><\/div><\/div><div id=\"panel-270-1-0-1\" class=\"so-panel widget widget_sow-editor panel-last-child\" data-index=\"2\" ><div class=\"fn-features uk-animation-slide-bottom-medium panel-widget-style panel-widget-style-for-270-1-0-1\" ><div class=\"so-widget-sow-editor so-widget-sow-editor-base\">\n<div class=\"siteorigin-widget-tinymce textwidget\">\n\t<ul>\n<li><a href=\"https:\/\/rms-berlin.com\/strategische-beratung\/strategie-und-management\/\">Strategie und Management<\/a><\/li>\n<li><a href=\"https:\/\/rms-berlin.com\/strategische-beratung\/seminare-und-trainings\/\">Seminare und Trainings<\/a><\/li>\n<li><a href=\"https:\/\/rms-berlin.com\/strategische-beratung\/vertrieb-und-business-development\/\">Vertrieb und Business Development<\/a><\/li>\n<li><a href=\"https:\/\/rms-berlin.com\/strategische-beratung\/internationalisierung\/\">Internationalisierung<\/a><\/li>\n<\/ul>\n<\/div>\n<\/div><\/div><\/div><\/div><div id=\"pgc-270-1-1\"  class=\"panel-grid-cell\" ><div id=\"panel-270-1-1-0\" class=\"so-panel widget widget_sow-image panel-first-child\" data-index=\"3\" ><div class=\"uk-animation-slide-right-medium panel-widget-style panel-widget-style-for-270-1-1-0\" ><div class=\"so-widget-sow-image so-widget-sow-image-default-0d90cccda167\">\n\n<div class=\"sow-image-container\">\n<a href=\"https:\/\/rms-berlin.com\/de\/technische-beratung\/\" >\t<img src=\"https:\/\/rms-berlin.com\/wp-content\/uploads\/2020\/07\/rms-technische-beratung-1024x668.jpg\" width=\"1024\" height=\"668\" srcset=\"https:\/\/rms-berlin.com\/wp-content\/uploads\/2020\/07\/rms-technische-beratung-1024x668.jpg 1024w, https:\/\/rms-berlin.com\/wp-content\/uploads\/2020\/07\/rms-technische-beratung-300x196.jpg 300w, https:\/\/rms-berlin.com\/wp-content\/uploads\/2020\/07\/rms-technische-beratung-768x501.jpg 768w, https:\/\/rms-berlin.com\/wp-content\/uploads\/2020\/07\/rms-technische-beratung-1536x1002.jpg 1536w, https:\/\/rms-berlin.com\/wp-content\/uploads\/2020\/07\/rms-technische-beratung-2048x1336.jpg 2048w\" sizes=\"(max-width: 1024px) 100vw, 1024px\" title=\"Technische Beratung\" alt=\"\" \t\tclass=\"so-widget-image\"\/>\n<\/a><\/div>\n\n\t<p class=\"widget-title\">Technische Beratung<\/p><\/div><\/div><\/div><div id=\"panel-270-1-1-1\" class=\"so-panel widget widget_sow-editor panel-last-child\" data-index=\"4\" ><div class=\"fn-features uk-animation-slide-bottom-medium panel-widget-style panel-widget-style-for-270-1-1-1\" ><div class=\"so-widget-sow-editor so-widget-sow-editor-base\">\n<div class=\"siteorigin-widget-tinymce textwidget\">\n\t<ul>\n<li><a href=\"https:\/\/rms-berlin.com\/technische-beratung\/energie\/\">Energie<\/a><\/li>\n<li><a href=\"https:\/\/rms-berlin.com\/technische-beratung\/energieeffizientes-gebaeudemanagement\/\">Energieeffizientes Geb\u00e4udemanagement<\/a><\/li>\n<\/ul>\n<\/div>\n<\/div><\/div><\/div><\/div><\/div><div id=\"pg-270-2\"  class=\"panel-grid panel-has-style\" ><div class=\"uk-padding-large uk-light fn-overlay siteorigin-panels-stretch panel-row-style panel-row-style-for-270-2\" data-siteorigin-parallax=\"{&quot;backgroundUrl&quot;:&quot;https:\\\/\\\/rms-berlin.com\\\/wp-content\\\/uploads\\\/2020\\\/07\\\/rms-berlin-scaled.jpg&quot;,&quot;backgroundSize&quot;:[2560,1707],&quot;backgroundSizing&quot;:&quot;scaled&quot;,&quot;limitMotion&quot;:&quot;auto&quot;}\" data-stretch-type=\"full\" ><div id=\"pgc-270-2-0\"  class=\"panel-grid-cell panel-grid-cell-mobile-last\" ><div id=\"panel-270-2-0-0\" class=\"so-panel widget widget_sow-editor panel-first-child panel-last-child\" data-index=\"5\" ><div class=\"so-widget-sow-editor so-widget-sow-editor-base\">\n<div class=\"siteorigin-widget-tinymce textwidget\">\n\t<h2>\u00dcber uns<\/h2>\n<p>Unser Ziel ist, unter Ber\u00fccksichtigung \u00f6kologischer und \u00f6konomischer Aspekte, Werte zum Nutzen unserer Kunden zu schaffen.<br \/>\nDazu nutzen wir unsere langj\u00e4hrige Erfahrung und die gesamte zur Verf\u00fcgung stehende Expertise in unserem Netzwerk.<\/p>\n<p>Wir arbeiten mit unseren Kunden praxisnah an der Feststellung und an der L\u00f6sung von Problemen und Herausforderungen!<\/p>\n<p><a class=\"uk-button uk-button-default\" href=\"https:\/\/rms-berlin.com\/ueber-uns\/\">Mehr erfahren<\/a><\/p>\n<\/div>\n<\/div><\/div><\/div><div id=\"pgc-270-2-1\"  class=\"panel-grid-cell panel-grid-cell-empty\" ><\/div><\/div><\/div><div id=\"pg-270-3\"  class=\"panel-grid panel-no-style\" ><div id=\"pgc-270-3-0\"  class=\"panel-grid-cell panel-grid-cell-empty\" ><\/div><div id=\"pgc-270-3-1\"  class=\"panel-grid-cell panel-grid-cell-mobile-last\" ><div id=\"panel-270-3-1-0\" class=\"so-panel widget widget_sow-editor panel-first-child\" data-index=\"6\" ><div class=\"so-widget-sow-editor so-widget-sow-editor-base\">\n<div class=\"siteorigin-widget-tinymce textwidget\">\n\t<h3 class=\"uk-h2\" style=\"text-align: center;\">Kontakt<\/h3>\n<\/div>\n<\/div><\/div><div id=\"panel-270-3-1-1\" class=\"so-panel widget widget_sow-editor panel-last-child\" data-index=\"7\" ><div class=\"so-widget-sow-editor so-widget-sow-editor-base\">\n<div class=\"siteorigin-widget-tinymce textwidget\">\n\t<div role=\"form\" class=\"wpcf7\" id=\"wpcf7-f10-o1\" lang=\"de-DE\" dir=\"ltr\">\n<div class=\"screen-reader-response\"><p role=\"status\" aria-live=\"polite\" aria-atomic=\"true\"><\/p> <ul><\/ul><\/div>\n<form action=\"\/de\/wp-json\/wp\/v2\/pages\/270#wpcf7-f10-o1\" method=\"post\" class=\"wpcf7-form init wpcf7-acceptance-as-validation\" novalidate=\"novalidate\" data-status=\"init\">\n<div style=\"display: none;\">\n<input type=\"hidden\" name=\"_wpcf7\" value=\"10\" \/>\n<input type=\"hidden\" name=\"_wpcf7_version\" value=\"5.4\" \/>\n<input type=\"hidden\" name=\"_wpcf7_locale\" value=\"de_DE\" \/>\n<input type=\"hidden\" name=\"_wpcf7_unit_tag\" value=\"wpcf7-f10-o1\" \/>\n<input type=\"hidden\" name=\"_wpcf7_container_post\" value=\"0\" \/>\n<input type=\"hidden\" name=\"_wpcf7_posted_data_hash\" value=\"\" \/>\n<\/div>\n<div uk-grid class=\"uk-grid-small\">\n  <div class=\"uk-width-1-1\">\n    <span class=\"wpcf7-form-control-wrap fn-name\"><input type=\"text\" name=\"fn-name\" value=\"\" size=\"40\" class=\"wpcf7-form-control wpcf7-text wpcf7-validates-as-required uk-input\" aria-required=\"true\" aria-invalid=\"false\" placeholder=\"Name *\" \/><\/span> \n  <\/div>\n  <div class=\"uk-width-1-2@m\">\n    <span id=\"fn-email\" class=\"wpcf7-form-control-wrap fn-email-wrap\" style=\"display:none !important; visibility:hidden !important;\"><input id=\"wpcf7-69e1cb826a3f4-field\"class=\"wpcf7-form-control wpcf7-text uk-input\"  type=\"text\" name=\"fn-email\" value=\"\" size=\"40\" tabindex=\"-1\" autocomplete=\"new-password\" \/><\/span>\n    <span class=\"wpcf7-form-control-wrap fn-mail\"><input type=\"email\" name=\"fn-mail\" value=\"\" size=\"40\" class=\"wpcf7-form-control wpcf7-text wpcf7-email wpcf7-validates-as-required wpcf7-validates-as-email uk-input\" aria-required=\"true\" aria-invalid=\"false\" placeholder=\"E-Mail *\" \/><\/span>\n  <\/div>\n  <div class=\"uk-width-1-2@m\">\n    <span class=\"wpcf7-form-control-wrap fn-phone\"><input type=\"text\" name=\"fn-phone\" value=\"\" size=\"40\" class=\"wpcf7-form-control wpcf7-text wpcf7-validates-as-required uk-input\" aria-required=\"true\" aria-invalid=\"false\" placeholder=\"Telefon *\" \/><\/span>\n  <\/div>\n  <div class=\"uk-width-1-1\">\n    <span class=\"wpcf7-form-control-wrap fn-message\"><textarea name=\"fn-message\" cols=\"40\" rows=\"4\" class=\"wpcf7-form-control wpcf7-textarea uk-textarea uk-margin-small-bottom\" aria-invalid=\"false\" placeholder=\"Ihre Nachricht\"><\/textarea><\/span> \n  <\/div>\n  <div class=\"uk-width-1-1\">\n    <span class=\"wpcf7-form-control-wrap fn-datenschutz\"><span class=\"wpcf7-form-control wpcf7-acceptance\"><span class=\"wpcf7-list-item\"><label><input type=\"checkbox\" name=\"fn-datenschutz\" value=\"1\" aria-invalid=\"false\" class=\"uk-checkbox\" \/><span class=\"wpcf7-list-item-label\">Ich stimme zu, dass meine Angaben aus dem Formular zur Beantwortung meiner Anfrage erhoben und verarbeitet werden. <a href=\"\/datenschutz\/\">Datenschutz<\/a> * <i class=\"fal fa-question-circle\" uk-tooltip=\"Sie k\u00f6nnen Ihre Einwilligung jederzeit f\u00fcr die Zukunft per E-Mail an r.moflih@rms-berlin.com widerrufen.\"><\/i><\/span><\/label><\/span><\/span><\/span> \n  <\/div>\n  <div class=\"uk-width-1-1 uk-position-relative\">\n    <input type=\"submit\" value=\"Abschicken\" class=\"wpcf7-form-control wpcf7-submit uk-button uk-button-primary\" \/>\n  <\/div>\n<\/div><div class=\"wpcf7-response-output\" aria-hidden=\"true\"><\/div><\/form><\/div>\n<\/div>\n<\/div><\/div><\/div><div id=\"pgc-270-3-2\"  class=\"panel-grid-cell panel-grid-cell-empty\" ><\/div><\/div><\/div>","protected":false},"excerpt":{"rendered":"<p>Im Netzwerk sind wir gemeinsam stark &#8230;diese strategische Ausrichtung gilt seit Gr\u00fcndung unserer Unternehmensberatung rms. Durch gute Kontakte zu Beratungsunternehmen, Technologieunternehmen , Universit\u00e4ten und Forschungsinstituten bleibt rms immer auf dem neuesten Stand der technischen und kommerziellen Entwicklungen. Strategie und Management Seminare und Trainings Vertrieb und Business Development Internationalisierung Energie Energieeffizientes Geb\u00e4udemanagement<\/p>\n","protected":false},"author":1,"featured_media":809,"parent":0,"menu_order":0,"comment_status":"closed","ping_status":"closed","template":"","meta":[],"_links":{"self":[{"href":"https:\/\/rms-berlin.com\/de\/wp-json\/wp\/v2\/pages\/270"}],"collection":[{"href":"https:\/\/rms-berlin.com\/de\/wp-json\/wp\/v2\/pages"}],"about":[{"href":"https:\/\/rms-berlin.com\/de\/wp-json\/wp\/v2\/types\/page"}],"author":[{"embeddable":true,"href":"https:\/\/rms-berlin.com\/de\/wp-json\/wp\/v2\/users\/1"}],"replies":[{"embeddable":true,"href":"https:\/\/rms-berlin.com\/de\/wp-json\/wp\/v2\/comments?post=270"}],"version-history":[{"count":80,"href":"https:\/\/rms-berlin.com\/de\/wp-json\/wp\/v2\/pages\/270\/revisions"}],"predecessor-version":[{"id":964,"href":"https:\/\/rms-berlin.com\/de\/wp-json\/wp\/v2\/pages\/270\/revisions\/964"}],"wp:featuredmedia":[{"embeddable":true,"href":"https:\/\/rms-berlin.com\/de\/wp-json\/wp\/v2\/media\/809"}],"wp:attachment":[{"href":"https:\/\/rms-berlin.com\/de\/wp-json\/wp\/v2\/media?parent=270"}],"curies":[{"name":"wp","href":"https:\/\/api.w.org\/{rel}","templated":true}]}}