{"id":363,"date":"2020-05-13T13:16:25","date_gmt":"2020-05-13T11:16:25","guid":{"rendered":"http:\/\/rms.firmennest.com\/?page_id=363"},"modified":"2020-07-17T10:00:01","modified_gmt":"2020-07-17T08:00:01","slug":"energieeffizientes-gebaeudemanagement","status":"publish","type":"page","link":"https:\/\/rms-berlin.com\/de\/technische-beratung\/energieeffizientes-gebaeudemanagement\/","title":{"rendered":"Energieeffizientes Geb\u00e4udemanagement"},"content":{"rendered":"<div id=\"pl-363\"  class=\"panel-layout\" ><div id=\"pg-363-0\"  class=\"panel-grid panel-no-style\" ><div id=\"pgc-363-0-0\"  class=\"panel-grid-cell panel-grid-cell-empty\" ><\/div><div id=\"pgc-363-0-1\"  class=\"panel-grid-cell panel-grid-cell-mobile-last\" ><div id=\"panel-363-0-1-0\" class=\"so-panel widget widget_sow-editor panel-first-child\" data-index=\"0\" ><div class=\"so-widget-sow-editor so-widget-sow-editor-base\">\n<div class=\"siteorigin-widget-tinymce textwidget\">\n\t<h1 class=\"uk-h2\">Energieeffizientes Geb\u00e4udemanagement<\/h1>\n<p>Wir unterst\u00fctzen Sie bei der <strong>Planung<\/strong> und <strong>Umsetzung<\/strong> von energieeffizienten Geb\u00e4udemanagementsystemen f\u00fcr den privaten und industriellen Gebrauch. Dazu geh\u00f6ren sowohl Systeme zum Heizen und K\u00fchlen von einzelnen Geb\u00e4uden oder Hallen, als auch f\u00fcr die Stromerzeugung und die Energiespeicherung.<\/p>\n<p>Gemeinsam mit kompetenten Partnern bieten wir folgende Techniken an <\/p>\n<ul class=\"fn-arrow\">\n<li>Geothermie (Erdw\u00e4rmesonden, Erdw\u00e4rmekollektoren)<\/li>\n<li>Solartechnik (Solarthermie- und Photovoltaikanlagen)<\/li>\n<li>Kapillarrohrtechnik (K\u00fchldecken und Bodenheizung)<\/li>\n<li>Wasserkraftanlagen<\/li>\n<li>Wasserstofftechnik<\/li>\n<li>Energiespeichertechnik (Eisspeicher)<\/li>\n<li>Energier\u00fcckgewinnung aus Prozesstechnik<\/li>\n<\/ul>\n<\/div>\n<\/div><\/div><div id=\"panel-363-0-1-1\" class=\"so-panel widget widget_sow-editor panel-last-child\" data-index=\"1\" ><div class=\"fn-box panel-widget-style panel-widget-style-for-363-0-1-1\" ><div class=\"so-widget-sow-editor so-widget-sow-editor-base\">\n<div class=\"siteorigin-widget-tinymce textwidget\">\n\t<p>Die Geb\u00e4udemanagementsysteme werden \u00fcberwiegend f\u00fcr folgende Zwecke verwendet<\/p>\n<ul class=\"fn-arrow\">\n<li>Heizen<\/li>\n<li>K\u00fchlen<\/li>\n<li>Energieerzeugung<\/li>\n<li>Energiespeicherung<\/li>\n<\/ul>\n<\/div>\n<\/div><\/div><\/div><\/div><div id=\"pgc-363-0-2\"  class=\"panel-grid-cell panel-grid-cell-empty\" ><\/div><\/div><div id=\"pg-363-1\"  class=\"panel-grid panel-has-style\" ><div class=\"siteorigin-panels-stretch panel-row-style panel-row-style-for-363-1\" data-stretch-type=\"full-stretched\" ><div id=\"pgc-363-1-0\"  class=\"panel-grid-cell\" ><div id=\"panel-363-1-0-0\" class=\"so-panel widget widget_sow-editor panel-first-child panel-last-child\" data-index=\"2\" ><div class=\"so-widget-sow-editor so-widget-sow-editor-base\">\n<div class=\"siteorigin-widget-tinymce textwidget\">\n\t<div class=\"cta uk-background-muted uk-padding\">\n    <div class=\"uk-container\">\n      <div uk-grid class=\"uk-flex uk-flex-middle\">\n        <div class=\"uk-width-3-5@m uk-text-center uk-text-left@m\">\n          <p class=\"uk-h2 uk-text-secondary\">Interesse geweckt?<\/p>\n        <\/div>\n        <div class=\"uk-width-2-5@m uk-text-center uk-text-right@m\">\n          <a href=\"https:\/\/rms-berlin.com\/de\/kontakt\/\" class=\"uk-button uk-button-primary fn-button-line\">\n            Jetzt anfragen\n          <\/a>\n        <\/div>\n      <\/div>\n    <\/div>\n  <\/div>\n<\/div>\n<\/div><\/div><\/div><\/div><\/div><\/div>","protected":false},"excerpt":{"rendered":"<p>Energieeffizientes Geb\u00e4udemanagement Wir unterst\u00fctzen Sie bei der Planung und Umsetzung von energieeffizienten Geb\u00e4udemanagementsystemen f\u00fcr den privaten und industriellen Gebrauch. Dazu geh\u00f6ren sowohl Systeme zum Heizen und K\u00fchlen von einzelnen Geb\u00e4uden oder Hallen, als auch f\u00fcr die Stromerzeugung und die Energiespeicherung. Gemeinsam mit kompetenten Partnern bieten wir folgende Techniken an Geothermie (Erdw\u00e4rmesonden, Erdw\u00e4rmekollektoren) Solartechnik (Solarthermie- und [&hellip;]<\/p>\n","protected":false},"author":1,"featured_media":829,"parent":15,"menu_order":0,"comment_status":"closed","ping_status":"closed","template":"","meta":[],"_links":{"self":[{"href":"https:\/\/rms-berlin.com\/de\/wp-json\/wp\/v2\/pages\/363"}],"collection":[{"href":"https:\/\/rms-berlin.com\/de\/wp-json\/wp\/v2\/pages"}],"about":[{"href":"https:\/\/rms-berlin.com\/de\/wp-json\/wp\/v2\/types\/page"}],"author":[{"embeddable":true,"href":"https:\/\/rms-berlin.com\/de\/wp-json\/wp\/v2\/users\/1"}],"replies":[{"embeddable":true,"href":"https:\/\/rms-berlin.com\/de\/wp-json\/wp\/v2\/comments?post=363"}],"version-history":[{"count":15,"href":"https:\/\/rms-berlin.com\/de\/wp-json\/wp\/v2\/pages\/363\/revisions"}],"predecessor-version":[{"id":870,"href":"https:\/\/rms-berlin.com\/de\/wp-json\/wp\/v2\/pages\/363\/revisions\/870"}],"up":[{"embeddable":true,"href":"https:\/\/rms-berlin.com\/de\/wp-json\/wp\/v2\/pages\/15"}],"wp:featuredmedia":[{"embeddable":true,"href":"https:\/\/rms-berlin.com\/de\/wp-json\/wp\/v2\/media\/829"}],"wp:attachment":[{"href":"https:\/\/rms-berlin.com\/de\/wp-json\/wp\/v2\/media?parent=363"}],"curies":[{"name":"wp","href":"https:\/\/api.w.org\/{rel}","templated":true}]}}