{"id":557,"date":"2020-05-19T09:26:32","date_gmt":"2020-05-19T07:26:32","guid":{"rendered":"http:\/\/rms.firmennest.com\/?page_id=557"},"modified":"2020-07-17T09:43:51","modified_gmt":"2020-07-17T07:43:51","slug":"strategie-und-management","status":"publish","type":"page","link":"https:\/\/rms-berlin.com\/de\/strategische-beratung\/strategie-und-management\/","title":{"rendered":"Strategie und Management"},"content":{"rendered":"<div id=\"pl-557\"  class=\"panel-layout\" ><div id=\"pg-557-0\"  class=\"panel-grid panel-no-style\" ><div id=\"pgc-557-0-0\"  class=\"panel-grid-cell panel-grid-cell-empty\" ><\/div><div id=\"pgc-557-0-1\"  class=\"panel-grid-cell panel-grid-cell-mobile-last\" ><div id=\"panel-557-0-1-0\" class=\"so-panel widget widget_sow-editor panel-first-child\" data-index=\"0\" ><div class=\"so-widget-sow-editor so-widget-sow-editor-base\">\n<div class=\"siteorigin-widget-tinymce textwidget\">\n\t<h1 class=\"uk-h2\">Strategie und Management<\/h1>\n<p>Manager sind im Tagesgesch\u00e4ft zeitlich so eingespannt, dass  der Blick f\u00fcr das Ganze verloren geht und nicht gen\u00fcgend Zeit bleibt sich mit strategischen Themen zu besch\u00e4ftigen. Um dem entgegen zu wirken, bietet <strong>rms<\/strong> Managementberatung f\u00fcr nachhaltiges Wachstum an. Wir wenden uns an:<\/p>\n<ul class=\"fn-arrow\">\n<li>Manager\/in und Abteilungsleiter\/in gr\u00f6\u00dferer Unternehmen<\/li>\n<li>Gesch\u00e4ftsf\u00fchrer\/in kleinerer Unternehmen <\/li>\n<li>Start-ups<\/li>\n<\/ul>\n<\/div>\n<\/div><\/div><div id=\"panel-557-0-1-1\" class=\"so-panel widget widget_sow-editor panel-last-child\" data-index=\"1\" ><div class=\"fn-box panel-widget-style panel-widget-style-for-557-0-1-1\" ><div class=\"so-widget-sow-editor so-widget-sow-editor-base\">\n<div class=\"siteorigin-widget-tinymce textwidget\">\n\t<p>Im Fokus unserer strategischen Managementberatung steht:<\/p>\n<ul class=\"fn-arrow\">\n<li>Strategische und nachhaltige Gesch\u00e4ftsentwicklung <\/li>\n<li>Erstellung von Business- und Vertriebsmodellen<\/li>\n<li>Strategische Allianzen und Kooperationen <\/li>\n<li>Qualifikation von Mitarbeitern\/innen<\/li>\n<li>Strategisches Innovations- und Portfoliomanagement<\/li>\n<li>Benchmarking und Wettbewerbsanalyse<\/li>\n<li>Projektbezogene Beratung mit Fokus auf internationale Projekte<\/li>\n<\/ul>\n<\/div>\n<\/div><\/div><\/div><\/div><div id=\"pgc-557-0-2\"  class=\"panel-grid-cell panel-grid-cell-empty\" ><\/div><\/div><div id=\"pg-557-1\"  class=\"panel-grid panel-has-style\" ><div class=\"siteorigin-panels-stretch panel-row-style panel-row-style-for-557-1\" data-stretch-type=\"full-stretched\" ><div id=\"pgc-557-1-0\"  class=\"panel-grid-cell\" ><div id=\"panel-557-1-0-0\" class=\"so-panel widget widget_sow-editor panel-first-child panel-last-child\" data-index=\"2\" ><div class=\"so-widget-sow-editor so-widget-sow-editor-base\">\n<div class=\"siteorigin-widget-tinymce textwidget\">\n\t<div class=\"cta uk-background-muted uk-padding\">\n    <div class=\"uk-container\">\n      <div uk-grid class=\"uk-flex uk-flex-middle\">\n        <div class=\"uk-width-3-5@m uk-text-center uk-text-left@m\">\n          <p class=\"uk-h2 uk-text-secondary\">Interesse geweckt?<\/p>\n        <\/div>\n        <div class=\"uk-width-2-5@m uk-text-center uk-text-right@m\">\n          <a href=\"https:\/\/rms-berlin.com\/de\/kontakt\/\" class=\"uk-button uk-button-primary fn-button-line\">\n            Jetzt anfragen\n          <\/a>\n        <\/div>\n      <\/div>\n    <\/div>\n  <\/div>\n<\/div>\n<\/div><\/div><\/div><\/div><\/div><\/div>","protected":false},"excerpt":{"rendered":"<p>Strategie und Management Manager sind im Tagesgesch\u00e4ft zeitlich so eingespannt, dass der Blick f\u00fcr das Ganze verloren geht und nicht gen\u00fcgend Zeit bleibt sich mit strategischen Themen zu besch\u00e4ftigen. Um dem entgegen zu wirken, bietet rms Managementberatung f\u00fcr nachhaltiges Wachstum an. Wir wenden uns an: Manager\/in und Abteilungsleiter\/in gr\u00f6\u00dferer Unternehmen Gesch\u00e4ftsf\u00fchrer\/in kleinerer Unternehmen Start-ups Im [&hellip;]<\/p>\n","protected":false},"author":1,"featured_media":839,"parent":81,"menu_order":1,"comment_status":"closed","ping_status":"closed","template":"","meta":[],"_links":{"self":[{"href":"https:\/\/rms-berlin.com\/de\/wp-json\/wp\/v2\/pages\/557"}],"collection":[{"href":"https:\/\/rms-berlin.com\/de\/wp-json\/wp\/v2\/pages"}],"about":[{"href":"https:\/\/rms-berlin.com\/de\/wp-json\/wp\/v2\/types\/page"}],"author":[{"embeddable":true,"href":"https:\/\/rms-berlin.com\/de\/wp-json\/wp\/v2\/users\/1"}],"replies":[{"embeddable":true,"href":"https:\/\/rms-berlin.com\/de\/wp-json\/wp\/v2\/comments?post=557"}],"version-history":[{"count":11,"href":"https:\/\/rms-berlin.com\/de\/wp-json\/wp\/v2\/pages\/557\/revisions"}],"predecessor-version":[{"id":860,"href":"https:\/\/rms-berlin.com\/de\/wp-json\/wp\/v2\/pages\/557\/revisions\/860"}],"up":[{"embeddable":true,"href":"https:\/\/rms-berlin.com\/de\/wp-json\/wp\/v2\/pages\/81"}],"wp:featuredmedia":[{"embeddable":true,"href":"https:\/\/rms-berlin.com\/de\/wp-json\/wp\/v2\/media\/839"}],"wp:attachment":[{"href":"https:\/\/rms-berlin.com\/de\/wp-json\/wp\/v2\/media?parent=557"}],"curies":[{"name":"wp","href":"https:\/\/api.w.org\/{rel}","templated":true}]}}