{"id":563,"date":"2020-05-19T09:36:06","date_gmt":"2020-05-19T07:36:06","guid":{"rendered":"http:\/\/rms.firmennest.com\/?page_id=563"},"modified":"2020-07-17T09:46:25","modified_gmt":"2020-07-17T07:46:25","slug":"vertrieb-und-business-development","status":"publish","type":"page","link":"https:\/\/rms-berlin.com\/de\/strategische-beratung\/vertrieb-und-business-development\/","title":{"rendered":"Vertrieb und Business Development"},"content":{"rendered":"<div id=\"pl-563\"  class=\"panel-layout\" ><div id=\"pg-563-0\"  class=\"panel-grid panel-no-style\" ><div id=\"pgc-563-0-0\"  class=\"panel-grid-cell panel-grid-cell-empty\" ><\/div><div id=\"pgc-563-0-1\"  class=\"panel-grid-cell panel-grid-cell-mobile-last\" ><div id=\"panel-563-0-1-0\" class=\"so-panel widget widget_sow-editor panel-first-child\" data-index=\"0\" ><div class=\"so-widget-sow-editor so-widget-sow-editor-base\">\n<div class=\"siteorigin-widget-tinymce textwidget\">\n\t<h1 class=\"uk-h2\">Vertrieb und Business Development<\/h1>\n<p>Wir verstehen unter Vertrieb nicht nur den reinen Verkauf von Produkten und Dienstleistungen an Kunden, sondern die Bereitstellung von vollst\u00e4ndigen L\u00f6sungen. Aus diesem Verst\u00e4ndnis heraus unterst\u00fctzen wir unsere Kunden bei<\/p>\n<ul class=\"fn-arrow\">\n<li>Erstellung und Umsetzung von Vertriebsstrategien<\/li>\n<li>Erstellung von Vertriebsmaterialien und \u2013werkzeugen<\/li>\n<li>Optimierung vorhandener und Schaffung neuer Vertriebskan\u00e4le<\/li>\n<li>Training von Vertriebsmitarbeitern\/innen<\/li>\n<li>Unternehmerisches Denken und Handeln im Vertrieb<\/li>\n<li>Erstellung kundenorientierter Gesch\u00e4ftsmodelle und L\u00f6sungen<\/li>\n<li>Projektmanagement<\/li>\n<\/ul>\n<\/div>\n<\/div><\/div><div id=\"panel-563-0-1-1\" class=\"so-panel widget widget_sow-editor panel-last-child\" data-index=\"1\" ><div class=\"fn-box panel-widget-style panel-widget-style-for-563-0-1-1\" ><div class=\"so-widget-sow-editor so-widget-sow-editor-base\">\n<div class=\"siteorigin-widget-tinymce textwidget\">\n\t<p>Zus\u00e4tzlich zu unserer umfangreichen Beratung zum Thema Vertrieb und Business Development, k\u00f6nnen wir aufgrund unserer guten Kontakte zu deutschen Unternehmen und zu Partnern und Kunden im Nahen und Mittleren Osten eine Br\u00fccke zwischen beiden kulturell unterschiedlichen Gesellschaften schaffen!<\/p>\n<\/div>\n<\/div><\/div><\/div><\/div><div id=\"pgc-563-0-2\"  class=\"panel-grid-cell panel-grid-cell-empty\" ><\/div><\/div><div id=\"pg-563-1\"  class=\"panel-grid panel-has-style\" ><div class=\"siteorigin-panels-stretch panel-row-style panel-row-style-for-563-1\" data-stretch-type=\"full-stretched\" ><div id=\"pgc-563-1-0\"  class=\"panel-grid-cell\" ><div id=\"panel-563-1-0-0\" class=\"so-panel widget widget_sow-editor panel-first-child panel-last-child\" data-index=\"2\" ><div class=\"so-widget-sow-editor so-widget-sow-editor-base\">\n<div class=\"siteorigin-widget-tinymce textwidget\">\n\t<div class=\"cta uk-background-muted uk-padding\">\n    <div class=\"uk-container\">\n      <div uk-grid class=\"uk-flex uk-flex-middle\">\n        <div class=\"uk-width-3-5@m uk-text-center uk-text-left@m\">\n          <p class=\"uk-h2 uk-text-secondary\">Interesse geweckt?<\/p>\n        <\/div>\n        <div class=\"uk-width-2-5@m uk-text-center uk-text-right@m\">\n          <a href=\"https:\/\/rms-berlin.com\/de\/kontakt\/\" class=\"uk-button uk-button-primary fn-button-line\">\n            Jetzt anfragen\n          <\/a>\n        <\/div>\n      <\/div>\n    <\/div>\n  <\/div>\n<\/div>\n<\/div><\/div><\/div><\/div><\/div><\/div>","protected":false},"excerpt":{"rendered":"<p>Vertrieb und Business Development Wir verstehen unter Vertrieb nicht nur den reinen Verkauf von Produkten und Dienstleistungen an Kunden, sondern die Bereitstellung von vollst\u00e4ndigen L\u00f6sungen. Aus diesem Verst\u00e4ndnis heraus unterst\u00fctzen wir unsere Kunden bei Erstellung und Umsetzung von Vertriebsstrategien Erstellung von Vertriebsmaterialien und \u2013werkzeugen Optimierung vorhandener und Schaffung neuer Vertriebskan\u00e4le Training von Vertriebsmitarbeitern\/innen Unternehmerisches Denken [&hellip;]<\/p>\n","protected":false},"author":1,"featured_media":837,"parent":81,"menu_order":3,"comment_status":"closed","ping_status":"closed","template":"","meta":[],"_links":{"self":[{"href":"https:\/\/rms-berlin.com\/de\/wp-json\/wp\/v2\/pages\/563"}],"collection":[{"href":"https:\/\/rms-berlin.com\/de\/wp-json\/wp\/v2\/pages"}],"about":[{"href":"https:\/\/rms-berlin.com\/de\/wp-json\/wp\/v2\/types\/page"}],"author":[{"embeddable":true,"href":"https:\/\/rms-berlin.com\/de\/wp-json\/wp\/v2\/users\/1"}],"replies":[{"embeddable":true,"href":"https:\/\/rms-berlin.com\/de\/wp-json\/wp\/v2\/comments?post=563"}],"version-history":[{"count":13,"href":"https:\/\/rms-berlin.com\/de\/wp-json\/wp\/v2\/pages\/563\/revisions"}],"predecessor-version":[{"id":862,"href":"https:\/\/rms-berlin.com\/de\/wp-json\/wp\/v2\/pages\/563\/revisions\/862"}],"up":[{"embeddable":true,"href":"https:\/\/rms-berlin.com\/de\/wp-json\/wp\/v2\/pages\/81"}],"wp:featuredmedia":[{"embeddable":true,"href":"https:\/\/rms-berlin.com\/de\/wp-json\/wp\/v2\/media\/837"}],"wp:attachment":[{"href":"https:\/\/rms-berlin.com\/de\/wp-json\/wp\/v2\/media?parent=563"}],"curies":[{"name":"wp","href":"https:\/\/api.w.org\/{rel}","templated":true}]}}