{"id":571,"date":"2020-05-19T09:50:02","date_gmt":"2020-05-19T07:50:02","guid":{"rendered":"http:\/\/rms.firmennest.com\/?page_id=571"},"modified":"2020-07-17T10:30:13","modified_gmt":"2020-07-17T08:30:13","slug":"seminare-und-trainings","status":"publish","type":"page","link":"https:\/\/rms-berlin.com\/de\/strategische-beratung\/seminare-und-trainings\/","title":{"rendered":"Seminare und Trainings"},"content":{"rendered":"<div id=\"pl-571\"  class=\"panel-layout\" ><div id=\"pg-571-0\"  class=\"panel-grid panel-no-style\" ><div id=\"pgc-571-0-0\"  class=\"panel-grid-cell panel-grid-cell-empty\" ><\/div><div id=\"pgc-571-0-1\"  class=\"panel-grid-cell panel-grid-cell-mobile-last\" ><div id=\"panel-571-0-1-0\" class=\"so-panel widget widget_sow-editor panel-first-child\" data-index=\"0\" ><div class=\"so-widget-sow-editor so-widget-sow-editor-base\">\n<div class=\"siteorigin-widget-tinymce textwidget\">\n\t<h1 class=\"uk-h2\">Seminare und Trainings<\/h1>\n<p>Gemeinsam mit unserem Partnerunternehmen <a class=\"uk-text-primary\" href=\"https:\/\/ube-academy.com\/de\/\" target=\"_blank\" rel=\"noopener\">UBE Akademie GmbH<\/a> bieten wir u.a. folgende Seminare und Trainings an:<\/p>\n<ul class=\"fn-arrow\">\n<li>Internationalisierung und Interkulturelle Kooperation<\/li>\n<li>Anpassung interner Unternehmenskultur (Verhaltens\u00e4nderung f\u00f6rdern)<\/li>\n<li>Vertrieb und Business Development<\/li>\n<li>Unternehmerisches Denken und Handeln im Vertrieb<\/li>\n<li>Strategisches Management<\/li>\n<li>Innovationsmanagement<\/li>\n<li>Projektmanagement<\/li>\n<li>Produktportfoliooptimierung<\/li>\n<li>Wettbewerbsanalyse<\/li>\n<li>Planung und Durchf\u00fchrung von Benchmarking-Projekten<\/li>\n<\/ul>\n<\/div>\n<\/div><\/div><div id=\"panel-571-0-1-1\" class=\"so-panel widget widget_sow-editor panel-last-child\" data-index=\"1\" ><div class=\"fn-box panel-widget-style panel-widget-style-for-571-0-1-1\" ><div class=\"so-widget-sow-editor so-widget-sow-editor-base\">\n<div class=\"siteorigin-widget-tinymce textwidget\">\n\t<p>F\u00fcr die Durchf\u00fchrung o.g. Seminare und Trainings stehen uns erfahrene Trainer\/innen aus verschiedenen Bereichen zur Verf\u00fcgung.<\/p>\n<p>Gerne erstellen wir Seminare und Trainings, die auf die Bed\u00fcrfnisse unserer Kunden angepasst sind. Daf\u00fcr ber\u00fccksichtigen wir die Besonderheiten und die Herausforderungen jedes einzelnen Kunden und setzen die Schwerpunkte von Seminaren und Trainings individuell so um, dass die Kundenbed\u00fcrfnisse erf\u00fcllt werden.<\/p>\n<\/div>\n<\/div><\/div><\/div><\/div><div id=\"pgc-571-0-2\"  class=\"panel-grid-cell panel-grid-cell-empty\" ><\/div><\/div><div id=\"pg-571-1\"  class=\"panel-grid panel-has-style\" ><div class=\"siteorigin-panels-stretch panel-row-style panel-row-style-for-571-1\" data-stretch-type=\"full-stretched\" ><div id=\"pgc-571-1-0\"  class=\"panel-grid-cell\" ><div id=\"panel-571-1-0-0\" class=\"so-panel widget widget_sow-editor panel-first-child panel-last-child\" data-index=\"2\" ><div class=\"so-widget-sow-editor so-widget-sow-editor-base\">\n<div class=\"siteorigin-widget-tinymce textwidget\">\n\t<div class=\"cta uk-background-muted uk-padding\">\n    <div class=\"uk-container\">\n      <div uk-grid class=\"uk-flex uk-flex-middle\">\n        <div class=\"uk-width-3-5@m uk-text-center uk-text-left@m\">\n          <p class=\"uk-h2 uk-text-secondary\">Interesse geweckt?<\/p>\n        <\/div>\n        <div class=\"uk-width-2-5@m uk-text-center uk-text-right@m\">\n          <a href=\"https:\/\/rms-berlin.com\/de\/kontakt\/\" class=\"uk-button uk-button-primary fn-button-line\">\n            Jetzt anfragen\n          <\/a>\n        <\/div>\n      <\/div>\n    <\/div>\n  <\/div>\n<\/div>\n<\/div><\/div><\/div><\/div><\/div><\/div>","protected":false},"excerpt":{"rendered":"<p>Seminare und Trainings Gemeinsam mit unserem Partnerunternehmen UBE Akademie GmbH bieten wir u.a. folgende Seminare und Trainings an: Internationalisierung und Interkulturelle Kooperation Anpassung interner Unternehmenskultur (Verhaltens\u00e4nderung f\u00f6rdern) Vertrieb und Business Development Unternehmerisches Denken und Handeln im Vertrieb Strategisches Management Innovationsmanagement Projektmanagement Produktportfoliooptimierung Wettbewerbsanalyse Planung und Durchf\u00fchrung von Benchmarking-Projekten F\u00fcr die Durchf\u00fchrung o.g. Seminare und Trainings [&hellip;]<\/p>\n","protected":false},"author":1,"featured_media":838,"parent":81,"menu_order":2,"comment_status":"closed","ping_status":"closed","template":"","meta":[],"_links":{"self":[{"href":"https:\/\/rms-berlin.com\/de\/wp-json\/wp\/v2\/pages\/571"}],"collection":[{"href":"https:\/\/rms-berlin.com\/de\/wp-json\/wp\/v2\/pages"}],"about":[{"href":"https:\/\/rms-berlin.com\/de\/wp-json\/wp\/v2\/types\/page"}],"author":[{"embeddable":true,"href":"https:\/\/rms-berlin.com\/de\/wp-json\/wp\/v2\/users\/1"}],"replies":[{"embeddable":true,"href":"https:\/\/rms-berlin.com\/de\/wp-json\/wp\/v2\/comments?post=571"}],"version-history":[{"count":12,"href":"https:\/\/rms-berlin.com\/de\/wp-json\/wp\/v2\/pages\/571\/revisions"}],"predecessor-version":[{"id":879,"href":"https:\/\/rms-berlin.com\/de\/wp-json\/wp\/v2\/pages\/571\/revisions\/879"}],"up":[{"embeddable":true,"href":"https:\/\/rms-berlin.com\/de\/wp-json\/wp\/v2\/pages\/81"}],"wp:featuredmedia":[{"embeddable":true,"href":"https:\/\/rms-berlin.com\/de\/wp-json\/wp\/v2\/media\/838"}],"wp:attachment":[{"href":"https:\/\/rms-berlin.com\/de\/wp-json\/wp\/v2\/media?parent=571"}],"curies":[{"name":"wp","href":"https:\/\/api.w.org\/{rel}","templated":true}]}}